{"id":13,"date":"2017-02-07T11:14:48","date_gmt":"2017-02-07T11:14:48","guid":{"rendered":"http:\/\/kumkumevents.cat\/?page_id=13"},"modified":"2024-11-03T13:15:51","modified_gmt":"2024-11-03T13:15:51","slug":"inicio","status":"publish","type":"page","link":"https:\/\/kumkumevents.cat\/ca\/","title":{"rendered":"Inici"},"content":{"rendered":"So i Il\u00b7luminaci\u00f3\" href=\"http:\/\/kumkumevents.cat\/black-audio-sonido-iluminacion\/\" aria-label=\"Sonido e Iluminaci\u00f3n: Black Audio\"><\/a><div class=\"w-ibanner-h\"><div class=\"w-ibanner-image\" style=\"background-image: url(https:\/\/kumkumevents.cat\/wp-content\/uploads\/2020\/06\/audience-band-concert-1105666.jpg)\"><\/div><div class=\"w-ibanner-content\"><div class=\"w-ibanner-content-h\"><h4 class=\"w-ibanner-title\">Sonido e Iluminaci\u00f3n: Black Audio<\/h4><div class=\"w-ibanner-desc\"><\/div><\/div><\/div><\/div><\/div><\/div><\/div><\/div><div class=\"vc_col-sm-4 wpb_column vc_column_container\"><div class=\"vc_column-inner\"><div class=\"wpb_wrapper\"><div class=\"w-ibanner us_custom_6df4bc3a has_text_color animation_caeros ratio_4x3 easing_ease\"><a title=\"Locals d&#039;assaig\" href=\"http:\/\/kumkumevents.cat\/locals-jukebox-locales-de-ensayo\/\" aria-label=\"Locales de ensayo: Jukebox\"><\/a><div class=\"w-ibanner-h\"><div class=\"w-ibanner-image\" style=\"background-image: url(https:\/\/kumkumevents.cat\/wp-content\/uploads\/2020\/06\/person-playing-sun-burst-electric-bass-guitar-in-bokeh-96380.jpg)\"><\/div><div class=\"w-ibanner-content\"><div class=\"w-ibanner-content-h\"><h4 class=\"w-ibanner-title\">Locales de ensayo: Jukebox<\/h4><div class=\"w-ibanner-desc\"><\/div><\/div><\/div><\/div><\/div><\/div><\/div><\/div><div class=\"vc_col-sm-4 wpb_column vc_column_container\"><div class=\"vc_column-inner\"><div class=\"wpb_wrapper\"><div class=\"w-ibanner us_custom_6df4bc3a has_text_color animation_caeros ratio_4x3 easing_ease\"><a title=\"Sala Stage\" href=\"http:\/\/kumkumevents.cat\/sala-stage\/\" aria-label=\"Sala Stage\"><\/a><div class=\"w-ibanner-h\"><div class=\"w-ibanner-image\" style=\"background-image: url(https:\/\/kumkumevents.cat\/wp-content\/uploads\/2020\/07\/IMG_4213.jpg)\"><\/div><div class=\"w-ibanner-content\"><div class=\"w-ibanner-content-h\"><h4 class=\"w-ibanner-title\">Sala Stage<\/h4><div class=\"w-ibanner-desc\"><\/div><\/div><\/div><\/div><\/div><\/div><\/div><\/div><\/div><div class=\"w-separator size_medium\"><\/div><div class=\"g-cols wpb_row via_flex valign_top type_default stacking_default\"><div class=\"vc_col-sm-4 wpb_column vc_column_container\"><div class=\"vc_column-inner\"><div class=\"wpb_wrapper\"><div class=\"w-ibanner us_custom_6df4bc3a has_text_color animation_caeros ratio_4x3 easing_ease\"><a title=\"V\u00eddeo \/ Cinema\" href=\"http:\/\/kumkumevents.cat\/video-cine\/\" aria-label=\"V\u00eddeo \/ Cine\"><\/a><div class=\"w-ibanner-h\"><div class=\"w-ibanner-image\" style=\"background-image: url(https:\/\/kumkumevents.cat\/wp-content\/uploads\/2020\/07\/1976148.jpeg)\"><\/div><div class=\"w-ibanner-content\"><div class=\"w-ibanner-content-h\"><h4 class=\"w-ibanner-title\">V\u00eddeo \/ Cine<\/h4><div class=\"w-ibanner-desc\"><\/div><\/div><\/div><\/div><\/div><\/div><\/div><\/div><div class=\"vc_col-sm-4 wpb_column vc_column_container\"><div class=\"vc_column-inner\"><div class=\"wpb_wrapper\"><div class=\"w-ibanner us_custom_6df4bc3a has_text_color animation_caeros ratio_4x3 easing_ease\"><a title=\"Seguretat i homologacions\" href=\"http:\/\/kumkumevents.cat\/seguridad-y-homologaciones\/\" aria-label=\"Producci\u00f3n\"><\/a><div class=\"w-ibanner-h\"><div class=\"w-ibanner-image\" style=\"background-image: url(https:\/\/kumkumevents.cat\/wp-content\/uploads\/2020\/06\/trabajos09.jpg)\"><\/div><div class=\"w-ibanner-content\"><div class=\"w-ibanner-content-h\"><h4 class=\"w-ibanner-title\">Producci\u00f3n<\/h4><div class=\"w-ibanner-desc\"><\/div><\/div><\/div><\/div><\/div><\/div><\/div><\/div><div class=\"vc_col-sm-4 wpb_column vc_column_container\"><div class=\"vc_column-inner\"><div class=\"wpb_wrapper\"><div class=\"w-ibanner us_custom_6df4bc3a has_text_color animation_caeros ratio_4x3 easing_ease\"><a title=\"Management\" href=\"http:\/\/kumkumevents.cat\/management\/bandas-tributo\/\" aria-label=\"Management\"><\/a><div class=\"w-ibanner-h\"><div class=\"w-ibanner-image\" style=\"background-image: url(https:\/\/kumkumevents.cat\/wp-content\/uploads\/2018\/02\/fitos-y-el-fitipaldi.jpg)\"><\/div><div class=\"w-ibanner-content\"><div class=\"w-ibanner-content-h\"><h4 class=\"w-ibanner-title\">Management<\/h4><div class=\"w-ibanner-desc\"><\/div><\/div><\/div><\/div><\/div><\/div><\/div><\/div><\/div><\/div><\/div><\/div><\/div><\/div><\/section><section class=\"l-section wpb_row height_auto width_full color_primary with_slider\"><div class=\"l-section-slider\"><div class=\"w-slider style_none fit_cover nav_none count_8\"><div class=\"w-slider-h\" aria-hidden=\"true\"><div class=\"royalSlider\"><div class=\"rsContent\"><a class=\"rsImg\" data-rsw=\"1920\" data-rsh=\"1280\" href=\"https:\/\/kumkumevents.cat\/wp-content\/uploads\/2020\/06\/audience-band-concert-1105666.jpg\"><span data-alt=\"Empresa de eventos Kum Kum Events en pleno montaje de escenario para festival.\u200b\"><\/span><\/a><\/div><div class=\"rsContent\"><a class=\"rsImg\" data-rsw=\"1920\" data-rsh=\"1271\" href=\"https:\/\/kumkumevents.cat\/wp-content\/uploads\/2020\/06\/amplifier-analogue-audio-board-306088.jpg\"><span data-alt=\"\"><\/span><\/a><\/div><div class=\"rsContent\"><a class=\"rsImg\" data-rsw=\"1920\" data-rsh=\"1290\" href=\"https:\/\/kumkumevents.cat\/wp-content\/uploads\/2020\/06\/silhouette-photo-of-people-beside-monitor-2952834.jpg\"><span data-alt=\"Montaje audiovisual con iluminaci\u00f3n profesional y rob\u00f3tica para festivales.\u200b\"><\/span><\/a><\/div><div class=\"rsContent\"><a class=\"rsImg\" data-rsw=\"1920\" data-rsh=\"1280\" href=\"https:\/\/kumkumevents.cat\/wp-content\/uploads\/2020\/06\/black-and-gray-microphone-164829.jpg\"><span data-alt=\"\"><\/span><\/a><\/div><div class=\"rsContent\"><a class=\"rsImg\" data-rsw=\"1920\" data-rsh=\"1280\" href=\"https:\/\/kumkumevents.cat\/wp-content\/uploads\/2020\/06\/photo-of-a-copper-audio-mixer-3784566.jpg\"><span data-alt=\"Alquiler de pantallas LED gigantes para eventos corporativos y actos p\u00fablicos.\u200b\"><\/span><\/a><\/div><div class=\"rsContent\"><a class=\"rsImg\" data-rsw=\"1920\" data-rsh=\"1280\" href=\"https:\/\/kumkumevents.cat\/wp-content\/uploads\/2020\/06\/people-gathered-in-a-concert-3727148.jpg\"><span data-alt=\"Alquiler de equipos de sonido profesional Black Audio para conciertos en directo.\u200b\"><\/span><\/a><\/div><div class=\"rsContent\"><a class=\"rsImg\" data-rsw=\"1920\" data-rsh=\"1280\" href=\"https:\/\/kumkumevents.cat\/wp-content\/uploads\/2020\/06\/person-playing-sun-burst-electric-bass-guitar-in-bokeh-96380.jpg\"><span data-alt=\"Alquiler de equipos audiovisuales: mesa de sonido profesional Black Audio en directo.\u200b\"><\/span><\/a><\/div><div class=\"rsContent\"><a class=\"rsImg\" data-rsw=\"1920\" data-rsh=\"1277\" href=\"https:\/\/kumkumevents.cat\/wp-content\/uploads\/2020\/06\/black-disc-jockey-music-pad-159206.jpg\"><span data-alt=\"\"><\/span><\/a><\/div><\/div><img decoding=\"async\" src=\"https:\/\/kumkumevents.cat\/wp-content\/uploads\/2020\/06\/audience-band-concert-1105666.jpg\" width=\"1920\" height=\"1280\" alt=\"Empresa de eventos Kum Kum Events en pleno montaje de escenario para festival.\u200b\" loading=\"lazy\"><\/div><div class=\"w-slider-json\" onclick='return {&quot;autoScaleSlider&quot;:true,&quot;addActiveClass&quot;:true,&quot;loop&quot;:true,&quot;fadeInLoadedSlide&quot;:false,&quot;slidesSpacing&quot;:0,&quot;imageScalePadding&quot;:0,&quot;numImagesToPreload&quot;:2,&quot;arrowsNav&quot;:false,&quot;arrowsNavAutoHide&quot;:false,&quot;transitionType&quot;:&quot;fade&quot;,&quot;transitionSpeed&quot;:300,&quot;block&quot;:{&quot;moveEffect&quot;:&quot;none&quot;,&quot;speed&quot;:300},&quot;thumbs&quot;:{&quot;fitInViewport&quot;:false,&quot;firstMargin&quot;:false,&quot;spacing&quot;:4},&quot;controlNavigation&quot;:&quot;none&quot;,&quot;autoplay&quot;:{&quot;enabled&quot;:true,&quot;pauseOnHover&quot;:false,&quot;delay&quot;:3000},&quot;autoScaleSliderWidth&quot;:1920,&quot;autoScaleSliderHeight&quot;:1280}'><\/div><\/div><\/div><div class=\"l-section-overlay\" style=\"background:rgba(0,0,0,0.40)\"><\/div><div class=\"l-section-h i-cf\"><div class=\"g-cols vc_row via_flex valign_top type_default stacking_default\"><div class=\"vc_col-sm-12 wpb_column vc_column_container\"><div class=\"vc_column-inner\"><div class=\"wpb_wrapper\"><div class=\"ult-spacer spacer-69d1a13224df4\" data-id=\"69d1a13224df4\" data-height=\"250\" data-height-mobile=\"150\" data-height-tab=\"200\" data-height-tab-portrait=\"200\" data-height-mobile-landscape=\"150\" style=\"clear:both;display:block;\"><\/div><div class=\"wpb_text_column\"><div class=\"wpb_wrapper\"><h1 style=\"text-align: center;\">Experts en producci\u00f3 d&#8217;esdeveniments<\/h1>\n<\/div><\/div><div class=\"ult-spacer spacer-69d1a13224ef6\" data-id=\"69d1a13224ef6\" data-height=\"250\" data-height-mobile=\"150\" data-height-tab=\"200\" data-height-tab-portrait=\"200\" data-height-mobile-landscape=\"150\" style=\"clear:both;display:block;\"><\/div><\/div><\/div><\/div><\/div><\/div><\/section><section class=\"l-section wpb_row height_medium color_alternate\"><div class=\"l-section-h i-cf\"><div class=\"g-cols vc_row via_flex valign_top type_default stacking_default\"><div class=\"vc_col-sm-2 wpb_column vc_column_container\"><div class=\"vc_column-inner\"><div class=\"wpb_wrapper\"><\/div><\/div><\/div><div class=\"vc_col-sm-8 wpb_column vc_column_container\"><div class=\"vc_column-inner\"><div class=\"wpb_wrapper\"><div class=\"wpb_text_column\"><div class=\"wpb_wrapper\"><h3 class=\"p6\" style=\"text-align: center;\">Kum Kum Events<\/h3>\n<p class=\"p1\" style=\"text-align: center;\"><strong>Som una empresa especialitzada en la producci\u00f3 d&#8217;esdeveniments. Gestionem de manera integral qualsevol tipus d&#8217;acte: en encarreguem de la producci\u00f3 t\u00e8cnica audiovisual, gestionem la contractaci\u00f3, les infraestructures i els equips t\u00e8cnics i humans.<\/strong><\/p>\n<p class=\"cvGsUA direction-ltr align-center para-style-body\" style=\"text-align: center;\"><span class=\"OYPEnA text-decoration-none text-strikethrough-none\">Som una empresa jove per\u00f2 amb anys d\u2019experi\u00e8ncia en els escenaris.\u00a0<\/span><span class=\"OYPEnA text-decoration-none text-strikethrough-none\">Ens caracteritza<\/span> <span class=\"OYPEnA text-decoration-none text-strikethrough-none\">el tracte personalitzat en cada projecte, per aix\u00f2 ens adaptem a les possibilitats de cada client.<\/span><\/p>\n<p class=\"p1\" style=\"text-align: center;\">A <strong>Kum Kum Events<\/strong> oferim tots els serveis integrats de manera f\u00e0cil, senzilla i al detall.<\/p>\n<\/div><\/div><\/div><\/div><\/div><div class=\"vc_col-sm-2 wpb_column vc_column_container\"><div class=\"vc_column-inner\"><div class=\"wpb_wrapper\"><\/div><\/div><\/div><\/div><\/div><\/section><section class=\"l-section wpb_row height_medium\"><div class=\"l-section-h i-cf\"><div class=\"g-cols vc_row via_flex valign_top type_default stacking_default\"><div class=\"vc_col-sm-12 wpb_column vc_column_container\"><div class=\"vc_column-inner\"><div class=\"wpb_wrapper\"><div class=\"g-cols wpb_row via_flex valign_top type_default stacking_default\"><div class=\"vc_col-sm-4 wpb_column vc_column_container\"><div class=\"vc_column-inner\"><div class=\"wpb_wrapper\"><div class=\"w-ibanner us_custom_6df4bc3a has_text_color animation_caeros ratio_4x3 easing_ease\"><a title=\"So i Il\u00b7luminaci\u00f3\" href=\"http:\/\/kumkumevents.cat\/black-audio-sonido-iluminacion\/\" aria-label=\"So i Llum: Black Audio\"><\/a><div class=\"w-ibanner-h\"><div class=\"w-ibanner-image\" style=\"background-image: url(https:\/\/kumkumevents.cat\/wp-content\/uploads\/2020\/06\/audience-band-concert-1105666.jpg)\"><\/div><div class=\"w-ibanner-content\"><div class=\"w-ibanner-content-h\"><h4 class=\"w-ibanner-title\">So i Llum: Black Audio<\/h4><div class=\"w-ibanner-desc\"><\/div><\/div><\/div><\/div><\/div><\/div><\/div><\/div><div class=\"vc_col-sm-4 wpb_column vc_column_container\"><div class=\"vc_column-inner\"><div class=\"wpb_wrapper\"><div class=\"w-ibanner us_custom_6df4bc3a has_text_color animation_caeros ratio_4x3 easing_ease\"><a title=\"Locals d&#039;assaig\" href=\"http:\/\/kumkumevents.cat\/locals-jukebox-locales-de-ensayo\/\" aria-label=\"Locals d&#8217;assaig: Jukebox\"><\/a><div class=\"w-ibanner-h\"><div class=\"w-ibanner-image\" style=\"background-image: url(https:\/\/kumkumevents.cat\/wp-content\/uploads\/2020\/06\/person-playing-sun-burst-electric-bass-guitar-in-bokeh-96380.jpg)\"><\/div><div class=\"w-ibanner-content\"><div class=\"w-ibanner-content-h\"><h4 class=\"w-ibanner-title\">Locals d&#8217;assaig: Jukebox<\/h4><div class=\"w-ibanner-desc\"><\/div><\/div><\/div><\/div><\/div><\/div><\/div><\/div><div class=\"vc_col-sm-4 wpb_column vc_column_container\"><div class=\"vc_column-inner\"><div class=\"wpb_wrapper\"><div class=\"w-ibanner us_custom_6df4bc3a has_text_color animation_caeros ratio_4x3 easing_ease\"><a title=\"Sala Stage\" href=\"http:\/\/kumkumevents.cat\/sala-stage\/\" aria-label=\"Sala Stage\"><\/a><div class=\"w-ibanner-h\"><div class=\"w-ibanner-image\" style=\"background-image: url(https:\/\/kumkumevents.cat\/wp-content\/uploads\/2020\/07\/IMG_4213.jpg)\"><\/div><div class=\"w-ibanner-content\"><div class=\"w-ibanner-content-h\"><h4 class=\"w-ibanner-title\">Sala Stage<\/h4><div class=\"w-ibanner-desc\"><\/div><\/div><\/div><\/div><\/div><\/div><\/div><\/div><\/div><div class=\"w-separator size_medium\"><\/div><div class=\"g-cols wpb_row via_flex valign_top type_default stacking_default\"><div class=\"vc_col-sm-4 wpb_column vc_column_container\"><div class=\"vc_column-inner\"><div class=\"wpb_wrapper\"><div class=\"w-ibanner us_custom_6df4bc3a has_text_color animation_caeros ratio_4x3 easing_ease\"><a title=\"V\u00eddeo \/ Cinema\" href=\"http:\/\/kumkumevents.cat\/video-cine\/\" aria-label=\"V\u00eddeo \/ Cinema\"><\/a><div class=\"w-ibanner-h\"><div class=\"w-ibanner-image\" style=\"background-image: url(https:\/\/kumkumevents.cat\/wp-content\/uploads\/2020\/07\/1976148.jpeg)\"><\/div><div class=\"w-ibanner-content\"><div class=\"w-ibanner-content-h\"><h4 class=\"w-ibanner-title\">V\u00eddeo \/ Cinema<\/h4><div class=\"w-ibanner-desc\"><\/div><\/div><\/div><\/div><\/div><\/div><\/div><\/div><div class=\"vc_col-sm-4 wpb_column vc_column_container\"><div class=\"vc_column-inner\"><div class=\"wpb_wrapper\"><div class=\"w-ibanner us_custom_6df4bc3a has_text_color animation_caeros ratio_4x3 easing_ease\"><a title=\"Seguretat i homologacions\" href=\"http:\/\/kumkumevents.cat\/seguridad-y-homologaciones\/\" aria-label=\"Producci\u00f3\"><\/a><div class=\"w-ibanner-h\"><div class=\"w-ibanner-image\" style=\"background-image: url(https:\/\/kumkumevents.cat\/wp-content\/uploads\/2020\/06\/trabajos09.jpg)\"><\/div><div class=\"w-ibanner-content\"><div class=\"w-ibanner-content-h\"><h4 class=\"w-ibanner-title\">Producci\u00f3<\/h4><div class=\"w-ibanner-desc\"><\/div><\/div><\/div><\/div><\/div><\/div><\/div><\/div><div class=\"vc_col-sm-4 wpb_column vc_column_container\"><div class=\"vc_column-inner\"><div class=\"wpb_wrapper\"><div class=\"w-ibanner us_custom_6df4bc3a has_text_color animation_caeros ratio_4x3 easing_ease\"><a title=\"Management\" href=\"http:\/\/kumkumevents.cat\/management\/bandas-tributo\/\" aria-label=\"Management\"><\/a><div class=\"w-ibanner-h\"><div class=\"w-ibanner-image\" style=\"background-image: url(https:\/\/kumkumevents.cat\/wp-content\/uploads\/2018\/02\/fitos-y-el-fitipaldi.jpg)\"><\/div><div class=\"w-ibanner-content\"><div class=\"w-ibanner-content-h\"><h4 class=\"w-ibanner-title\">Management<\/h4><div class=\"w-ibanner-desc\"><\/div><\/div><\/div><\/div><\/div><\/div><\/div><\/div><\/div><\/div><\/div><\/div><\/div><\/div><\/section>","protected":false},"excerpt":{"rendered":"Experts en producci\u00f3 d&#8217;esdeveniments Kum Kum Events Som una empresa especialitzada en la producci\u00f3 d&#8217;esdeveniments. Gestionem de manera integral qualsevol tipus d&#8217;acte: en encarreguem de la producci\u00f3 t\u00e8cnica audiovisual, gestionem la contractaci\u00f3, les infraestructures i els equips t\u00e8cnics i humans. Som una empresa jove per\u00f2 amb anys d\u2019experi\u00e8ncia en els escenaris.\u00a0Ens caracteritza el tracte personalitzat...","protected":false},"author":3,"featured_media":0,"parent":0,"menu_order":1,"comment_status":"closed","ping_status":"closed","template":"","meta":{"footnotes":""},"class_list":["post-13","page","type-page","status-publish","hentry"],"yoast_head":"<!-- This site is optimized with the Yoast SEO plugin v27.3 - https:\/\/yoast.com\/product\/yoast-seo-wordpress\/ -->\n<title>Inici | Kum Kum Events \u00b7 Producci\u00f3 d&#039;esdeveniments<\/title>\n<meta name=\"robots\" content=\"index, follow, max-snippet:-1, max-image-preview:large, max-video-preview:-1\" \/>\n<link rel=\"canonical\" href=\"https:\/\/kumkumevents.cat\/\" \/>\n<meta property=\"og:locale\" content=\"ca_ES\" \/>\n<meta property=\"og:type\" content=\"article\" \/>\n<meta property=\"og:title\" content=\"Inici | Kum Kum Events \u00b7 Producci\u00f3 d&#039;esdeveniments\" \/>\n<meta property=\"og:url\" content=\"https:\/\/kumkumevents.cat\/\" \/>\n<meta property=\"og:site_name\" content=\"Kum Kum Events \u00b7 Producci\u00f3 d&#039;esdeveniments\" \/>\n<meta property=\"article:modified_time\" content=\"2024-11-03T13:15:51+00:00\" \/>\n<meta property=\"og:image\" content=\"https:\/\/kumkumevents.cat\/wp-content\/uploads\/2020\/05\/logo_kumkumevents.jpg\" \/>\n\t<meta property=\"og:image:width\" content=\"1200\" \/>\n\t<meta property=\"og:image:height\" content=\"394\" \/>\n\t<meta property=\"og:image:type\" content=\"image\/jpeg\" \/>\n<meta name=\"twitter:card\" content=\"summary_large_image\" \/>\n<meta name=\"twitter:label1\" content=\"Temps estimat de lectura\" \/>\n\t<meta name=\"twitter:data1\" content=\"2 minuts\" \/>\n<script type=\"application\/ld+json\" class=\"yoast-schema-graph\">{\"@context\":\"https:\\\/\\\/schema.org\",\"@graph\":[{\"@type\":\"WebPage\",\"@id\":\"https:\\\/\\\/kumkumevents.cat\\\/\",\"url\":\"https:\\\/\\\/kumkumevents.cat\\\/\",\"name\":\"[:es]Inicio[:ca]Inici[:] | Kum Kum Events \u00b7 Producci\u00f3 d&#039;esdeveniments\",\"isPartOf\":{\"@id\":\"https:\\\/\\\/kumkumevents.cat\\\/#website\"},\"datePublished\":\"2017-02-07T11:14:48+00:00\",\"dateModified\":\"2024-11-03T13:15:51+00:00\",\"breadcrumb\":{\"@id\":\"https:\\\/\\\/kumkumevents.cat\\\/#breadcrumb\"},\"inLanguage\":\"ca\",\"potentialAction\":[{\"@type\":\"ReadAction\",\"target\":[\"https:\\\/\\\/kumkumevents.cat\\\/\"]}]},{\"@type\":\"BreadcrumbList\",\"@id\":\"https:\\\/\\\/kumkumevents.cat\\\/#breadcrumb\",\"itemListElement\":[{\"@type\":\"ListItem\",\"position\":1,\"name\":\"Portada\",\"item\":\"https:\\\/\\\/kumkumevents.cat\\\/\"},{\"@type\":\"ListItem\",\"position\":2,\"name\":\"Inicio\"}]},{\"@type\":\"WebSite\",\"@id\":\"https:\\\/\\\/kumkumevents.cat\\\/#website\",\"url\":\"https:\\\/\\\/kumkumevents.cat\\\/\",\"name\":\"Kum Kum Events\",\"description\":\"Producci\u00f3n de eventos\",\"publisher\":{\"@id\":\"https:\\\/\\\/kumkumevents.cat\\\/#organization\"},\"alternateName\":\"Kum Kum Events\",\"potentialAction\":[{\"@type\":\"SearchAction\",\"target\":{\"@type\":\"EntryPoint\",\"urlTemplate\":\"https:\\\/\\\/kumkumevents.cat\\\/?s={search_term_string}\"},\"query-input\":{\"@type\":\"PropertyValueSpecification\",\"valueRequired\":true,\"valueName\":\"search_term_string\"}}],\"inLanguage\":\"ca\"},{\"@type\":\"Organization\",\"@id\":\"https:\\\/\\\/kumkumevents.cat\\\/#organization\",\"name\":\"Kum Kum Events\",\"alternateName\":\"Kum Kum Events\",\"url\":\"https:\\\/\\\/kumkumevents.cat\\\/\",\"logo\":{\"@type\":\"ImageObject\",\"inLanguage\":\"ca\",\"@id\":\"https:\\\/\\\/kumkumevents.cat\\\/#\\\/schema\\\/logo\\\/image\\\/\",\"url\":\"https:\\\/\\\/kumkumevents.cat\\\/wp-content\\\/uploads\\\/2020\\\/05\\\/Logo_KumKumEvents_favicon.jpg\",\"contentUrl\":\"https:\\\/\\\/kumkumevents.cat\\\/wp-content\\\/uploads\\\/2020\\\/05\\\/Logo_KumKumEvents_favicon.jpg\",\"width\":512,\"height\":512,\"caption\":\"Kum Kum Events\"},\"image\":{\"@id\":\"https:\\\/\\\/kumkumevents.cat\\\/#\\\/schema\\\/logo\\\/image\\\/\"}}]}<\/script>\n<!-- \/ Yoast SEO plugin. -->","yoast_head_json":{"title":"Inici | Kum Kum Events \u00b7 Producci\u00f3 d&#039;esdeveniments","robots":{"index":"index","follow":"follow","max-snippet":"max-snippet:-1","max-image-preview":"max-image-preview:large","max-video-preview":"max-video-preview:-1"},"canonical":"https:\/\/kumkumevents.cat\/","og_locale":"ca_ES","og_type":"article","og_title":"Inici | Kum Kum Events \u00b7 Producci\u00f3 d&#039;esdeveniments","og_url":"https:\/\/kumkumevents.cat\/","og_site_name":"Kum Kum Events \u00b7 Producci\u00f3 d&#039;esdeveniments","article_modified_time":"2024-11-03T13:15:51+00:00","og_image":[{"width":1200,"height":394,"url":"https:\/\/kumkumevents.cat\/wp-content\/uploads\/2020\/05\/logo_kumkumevents.jpg","type":"image\/jpeg"}],"twitter_card":"summary_large_image","twitter_misc":{"Temps estimat de lectura":"2 minuts"},"schema":{"@context":"https:\/\/schema.org","@graph":[{"@type":"WebPage","@id":"https:\/\/kumkumevents.cat\/","url":"https:\/\/kumkumevents.cat\/","name":"[:es]Inicio[:ca]Inici[:] | Kum Kum Events \u00b7 Producci\u00f3 d&#039;esdeveniments","isPartOf":{"@id":"https:\/\/kumkumevents.cat\/#website"},"datePublished":"2017-02-07T11:14:48+00:00","dateModified":"2024-11-03T13:15:51+00:00","breadcrumb":{"@id":"https:\/\/kumkumevents.cat\/#breadcrumb"},"inLanguage":"ca","potentialAction":[{"@type":"ReadAction","target":["https:\/\/kumkumevents.cat\/"]}]},{"@type":"BreadcrumbList","@id":"https:\/\/kumkumevents.cat\/#breadcrumb","itemListElement":[{"@type":"ListItem","position":1,"name":"Portada","item":"https:\/\/kumkumevents.cat\/"},{"@type":"ListItem","position":2,"name":"Inicio"}]},{"@type":"WebSite","@id":"https:\/\/kumkumevents.cat\/#website","url":"https:\/\/kumkumevents.cat\/","name":"Kum Kum Events","description":"Producci\u00f3n de eventos","publisher":{"@id":"https:\/\/kumkumevents.cat\/#organization"},"alternateName":"Kum Kum Events","potentialAction":[{"@type":"SearchAction","target":{"@type":"EntryPoint","urlTemplate":"https:\/\/kumkumevents.cat\/?s={search_term_string}"},"query-input":{"@type":"PropertyValueSpecification","valueRequired":true,"valueName":"search_term_string"}}],"inLanguage":"ca"},{"@type":"Organization","@id":"https:\/\/kumkumevents.cat\/#organization","name":"Kum Kum Events","alternateName":"Kum Kum Events","url":"https:\/\/kumkumevents.cat\/","logo":{"@type":"ImageObject","inLanguage":"ca","@id":"https:\/\/kumkumevents.cat\/#\/schema\/logo\/image\/","url":"https:\/\/kumkumevents.cat\/wp-content\/uploads\/2020\/05\/Logo_KumKumEvents_favicon.jpg","contentUrl":"https:\/\/kumkumevents.cat\/wp-content\/uploads\/2020\/05\/Logo_KumKumEvents_favicon.jpg","width":512,"height":512,"caption":"Kum Kum Events"},"image":{"@id":"https:\/\/kumkumevents.cat\/#\/schema\/logo\/image\/"}}]}},"_links":{"self":[{"href":"https:\/\/kumkumevents.cat\/ca\/wp-json\/wp\/v2\/pages\/13","targetHints":{"allow":["GET"]}}],"collection":[{"href":"https:\/\/kumkumevents.cat\/ca\/wp-json\/wp\/v2\/pages"}],"about":[{"href":"https:\/\/kumkumevents.cat\/ca\/wp-json\/wp\/v2\/types\/page"}],"author":[{"embeddable":true,"href":"https:\/\/kumkumevents.cat\/ca\/wp-json\/wp\/v2\/users\/3"}],"replies":[{"embeddable":true,"href":"https:\/\/kumkumevents.cat\/ca\/wp-json\/wp\/v2\/comments?post=13"}],"version-history":[{"count":32,"href":"https:\/\/kumkumevents.cat\/ca\/wp-json\/wp\/v2\/pages\/13\/revisions"}],"predecessor-version":[{"id":812,"href":"https:\/\/kumkumevents.cat\/ca\/wp-json\/wp\/v2\/pages\/13\/revisions\/812"}],"wp:attachment":[{"href":"https:\/\/kumkumevents.cat\/ca\/wp-json\/wp\/v2\/media?parent=13"}],"curies":[{"name":"wp","href":"https:\/\/api.w.org\/{rel}","templated":true}]}}