{"id":555,"date":"2020-06-29T13:19:36","date_gmt":"2020-06-29T13:19:36","guid":{"rendered":"http:\/\/kumkumevents.cat\/?page_id=555"},"modified":"2024-03-15T10:31:08","modified_gmt":"2024-03-15T10:31:08","slug":"locals-jukebox-locales-de-ensayo","status":"publish","type":"page","link":"https:\/\/kumkumevents.cat\/ca\/locals-jukebox-locales-de-ensayo\/","title":{"rendered":"Locals d&#8217;assaig"},"content":{"rendered":"<section class=\"l-section wpb_row height_large color_primary with_img parallax_hor bgwidth_130\"><div class=\"l-section-img\" role=\"img\" aria-label=\"Imatge\" data-img-width=\"1920\" data-img-height=\"1154\" style=\"background-image: url(https:\/\/kumkumevents.cat\/wp-content\/uploads\/2020\/07\/IMG_4437.jpg);\"><\/div><div class=\"l-section-overlay\" style=\"background:rgba(255,255,255,0.50)\"><\/div><div class=\"l-section-h i-cf\"><div class=\"g-cols vc_row via_flex valign_middle type_default stacking_default\"><div class=\"vc_col-sm-12 wpb_column vc_column_container\"><div class=\"vc_column-inner\"><div class=\"wpb_wrapper\"><div class=\"g-cols wpb_row via_flex valign_top type_default stacking_default\"><div class=\"vc_col-sm-4 wpb_column vc_column_container\"><div class=\"vc_column-inner\"><div class=\"wpb_wrapper\"><\/div><\/div><\/div><div class=\"vc_col-sm-4 wpb_column vc_column_container\"><div class=\"vc_column-inner\"><div class=\"wpb_wrapper\"><div class=\"w-image align_center\"><div class=\"w-image-h\"><img decoding=\"async\" width=\"300\" height=\"154\" src=\"https:\/\/kumkumevents.cat\/wp-content\/uploads\/2020\/06\/logo-localsjukebox-300x154.png\" class=\"attachment-medium size-medium\" alt=\"\" loading=\"lazy\" srcset=\"https:\/\/kumkumevents.cat\/wp-content\/uploads\/2020\/06\/logo-localsjukebox-300x154.png 300w, https:\/\/kumkumevents.cat\/wp-content\/uploads\/2020\/06\/logo-localsjukebox.png 400w\" sizes=\"auto, (max-width: 300px) 100vw, 300px\" \/><\/div><\/div><\/div><\/div><\/div><div class=\"vc_col-sm-4 wpb_column vc_column_container\"><div class=\"vc_column-inner\"><div class=\"wpb_wrapper\"><\/div><\/div><\/div><\/div><\/div><\/div><\/div><\/div><\/div><\/section><section class=\"l-section wpb_row hide_on_mobiles height_auto color_secondary type_sticky\" id=\"menu-sup\"><div class=\"l-section-h i-cf\"><div class=\"g-cols vc_row via_flex valign_top type_default stacking_default\"><div class=\"vc_col-sm-12 wpb_column vc_column_container\"><div class=\"vc_column-inner\"><div class=\"wpb_wrapper\"><nav class=\"w-menu us_custom_5c6401b0 layout_hor style_blocks not_responsive us_menu_2\" style=\"--main-ver-indent:0.4em;--main-hor-indent:0.8em;--main-color:rgba(255,255,255,0.66);--main-hover-color:#fff;--main-active-color:#fff;\"><ul id=\"menu-locals-jukebox-1\" class=\"menu\"><li class=\"menu-item menu-item-type-custom menu-item-object-custom menu-item-557\"><a href=\"#locals-jukebox\">Locals JukeBox<\/a><\/li><li class=\"menu-item menu-item-type-custom menu-item-object-custom menu-item-558\"><a href=\"#servicios\">Serveis<\/a><\/li><li class=\"menu-item menu-item-type-custom menu-item-object-custom menu-item-559\"><a href=\"#fotos\">Fotos<\/a><\/li><li class=\"menu-item menu-item-type-custom menu-item-object-custom menu-item-560\"><a href=\"#localizacion\">Localitzaci\u00f3<\/a><\/li><li class=\"menu-item menu-item-type-custom menu-item-object-custom menu-item-561\"><a href=\"#mas-info\">+ info<\/a><\/li><\/ul><\/nav><\/div><\/div><\/div><\/div><\/div><\/section><section class=\"l-section wpb_row height_medium\" id=\"locals-jukebox\"><div class=\"l-section-h i-cf\"><div class=\"g-cols vc_row via_flex valign_top type_default stacking_default\"><div class=\"vc_col-sm-12 wpb_column vc_column_container\"><div class=\"vc_column-inner\"><div class=\"wpb_wrapper\"><div class=\"g-cols wpb_row us_custom_f42d53f9 has_text_color via_flex valign_middle type_default stacking_default\"><div class=\"vc_col-sm-12 wpb_column vc_column_container\"><div class=\"vc_column-inner\"><div class=\"wpb_wrapper\"><div class=\"wpb_text_column\"><div class=\"wpb_wrapper\"><h1 style=\"text-align: center;\"><em>JukeBox<\/em>: Locals d&#8217;assaig<\/h1>\n<\/div><\/div><\/div><\/div><\/div><\/div><div class=\"w-separator size_medium\"><\/div><div class=\"g-cols wpb_row via_flex valign_top type_default stacking_default\"><div class=\"vc_col-sm-3 wpb_column vc_column_container\"><div class=\"vc_column-inner\"><div class=\"wpb_wrapper\"><\/div><\/div><\/div><div class=\"vc_col-sm-6 wpb_column vc_column_container\"><div class=\"vc_column-inner\"><div class=\"wpb_wrapper\"><div class=\"wpb_text_column\"><div class=\"wpb_wrapper\"><p style=\"text-align: center;\" align=\"left\">Els locals d\u2019assaig JukeBox es troben en un gran recinte a Cornell\u00e0 de Llobregat. Compten amb m\u00e9s de 20 locals d&#8217;assaig per a grups de m\u00fasica i artistes musicals. El servei \u00e9s de lloguer fix mensual.<\/p>\n<\/div><\/div><\/div><\/div><\/div><div class=\"vc_col-sm-3 wpb_column vc_column_container\"><div class=\"vc_column-inner\"><div class=\"wpb_wrapper\"><\/div><\/div><\/div><\/div><\/div><\/div><\/div><\/div><\/div><\/section><section class=\"l-section wpb_row height_medium\" id=\"servicios\"><div class=\"l-section-overlay\" style=\"background:#f2f4f5\"><\/div><div class=\"l-section-h i-cf\"><div class=\"g-cols vc_row via_flex valign_top type_default stacking_default\"><div class=\"vc_col-sm-12 wpb_column vc_column_container\"><div class=\"vc_column-inner\"><div class=\"wpb_wrapper\"><div class=\"g-cols wpb_row us_custom_8712a9f2 has_text_color via_flex valign_middle type_default stacking_default\"><div class=\"vc_col-sm-12 wpb_column vc_column_container\"><div class=\"vc_column-inner\"><div class=\"wpb_wrapper\"><div class=\"wpb_text_column\"><div class=\"wpb_wrapper\"><h2 style=\"text-align: center;\">Serveis<\/h2>\n<\/div><\/div><\/div><\/div><\/div><\/div><div class=\"w-separator size_medium\"><\/div><div class=\"g-cols wpb_row via_flex valign_top type_default stacking_default\"><div class=\"vc_col-sm-3 wpb_column vc_column_container\"><div class=\"vc_column-inner\"><div class=\"wpb_wrapper\"><div class=\"w-iconbox iconpos_top style_default color_primary align_center\"><div class=\"w-iconbox-icon\" style=\"font-size:40px;\"><i class=\"fal fa-map\"><\/i><\/div><div class=\"w-iconbox-meta\"><h4 class=\"w-iconbox-title\">Bona situaci\u00f3<\/h4><div class=\"w-iconbox-text\"><p>Locals d&#8217;assaig a Cornell\u00e0 de Llobregat, a 5 minuts del centre i del Transport P\u00fablic<\/p>\n<\/div><\/div><\/div><\/div><\/div><\/div><div class=\"vc_col-sm-3 wpb_column vc_column_container\"><div class=\"vc_column-inner\"><div class=\"wpb_wrapper\"><div class=\"w-iconbox iconpos_top style_default color_primary align_center\"><div class=\"w-iconbox-icon\" style=\"font-size:40px;\"><i class=\"fal fa-euro-sign\"><\/i><\/div><div class=\"w-iconbox-meta\"><h4 class=\"w-iconbox-title\">Lloguer mensual<\/h4><div class=\"w-iconbox-text\"><p>Locals en lloguer amb pagament mensual per a grups de m\u00fasica fixes<\/p>\n<\/div><\/div><\/div><\/div><\/div><\/div><div class=\"vc_col-sm-3 wpb_column vc_column_container\"><div class=\"vc_column-inner\"><div class=\"wpb_wrapper\"><div class=\"w-iconbox iconpos_top style_default color_primary align_center\"><div class=\"w-iconbox-icon\" style=\"font-size:40px;\"><i class=\"fal fa-clock\"><\/i><\/div><div class=\"w-iconbox-meta\"><h4 class=\"w-iconbox-title\">Locals 24 hores<\/h4><div class=\"w-iconbox-text\"><p>Tots els locals s\u00f3n accessibles les 24 hores del dia sense limitaci\u00f3.<\/p>\n<\/div><\/div><\/div><\/div><\/div><\/div><div class=\"vc_col-sm-3 wpb_column vc_column_container\"><div class=\"vc_column-inner\"><div class=\"wpb_wrapper\"><div class=\"w-iconbox iconpos_top style_default color_primary align_center\"><div class=\"w-iconbox-icon\" style=\"font-size:40px;\"><i class=\"fal fa-dolly-flatbed\"><\/i><\/div><div class=\"w-iconbox-meta\"><h4 class=\"w-iconbox-title\">A peu de carrer<\/h4><div class=\"w-iconbox-text\"><p>Tots els locals estan al nivell del carrer, sense escales ni ascensors.<\/p>\n<\/div><\/div><\/div><\/div><\/div><\/div><\/div><div class=\"w-separator size_medium\"><\/div><div class=\"g-cols wpb_row via_flex valign_top type_default stacking_default\"><div class=\"vc_col-sm-3 wpb_column vc_column_container\"><div class=\"vc_column-inner\"><div class=\"wpb_wrapper\"><div class=\"w-iconbox iconpos_top style_default color_primary align_center\"><div class=\"w-iconbox-icon\" style=\"font-size:40px;\"><i class=\"fal fa-check-circle\"><\/i><\/div><div class=\"w-iconbox-meta\"><h4 class=\"w-iconbox-title\">Locals de qualitat<\/h4><div class=\"w-iconbox-text\"><p>Tots els locals s\u00f3n amples, amb bona insonoritzaci\u00f3 i aire condicionat<\/p>\n<\/div><\/div><\/div><\/div><\/div><\/div><div class=\"vc_col-sm-3 wpb_column vc_column_container\"><div class=\"vc_column-inner\"><div class=\"wpb_wrapper\"><div class=\"w-iconbox iconpos_top style_default color_primary align_center\"><div class=\"w-iconbox-icon\" style=\"font-size:40px;\"><i class=\"fal fa-parking\"><\/i><\/div><div class=\"w-iconbox-meta\"><h4 class=\"w-iconbox-title\">Aparcament<\/h4><div class=\"w-iconbox-text\"><p>F\u00e0cil aparcament dins del propi recinte per a c\u00e0rrega i desc\u00e0rrega de material<\/p>\n<\/div><\/div><\/div><\/div><\/div><\/div><div class=\"vc_col-sm-3 wpb_column vc_column_container\"><div class=\"vc_column-inner\"><div class=\"wpb_wrapper\"><div class=\"w-iconbox iconpos_top style_default color_primary align_center\"><div class=\"w-iconbox-icon\" style=\"font-size:40px;\"><i class=\"fal fa-microphone-alt\"><\/i><\/div><div class=\"w-iconbox-meta\"><h4 class=\"w-iconbox-title\">Estudi de gravaci\u00f3<\/h4><div class=\"w-iconbox-text\"><p>Estudi de gravaci\u00f3 per a los grups del mateix recinte amb preus econ\u00f2mics<\/p>\n<\/div><\/div><\/div><\/div><\/div><\/div><div class=\"vc_col-sm-3 wpb_column vc_column_container\"><div class=\"vc_column-inner\"><div class=\"wpb_wrapper\"><div class=\"w-iconbox iconpos_top style_default color_primary align_center\"><div class=\"w-iconbox-icon\" style=\"font-size:40px;\"><i class=\"fal fa-lock\"><\/i><\/div><div class=\"w-iconbox-meta\"><h4 class=\"w-iconbox-title\">Seguretat en el recinte<\/h4><div class=\"w-iconbox-text\"><p>Sistema de seguretat per c\u00e0meres (CCTV) repartides per tot el recinte<\/p>\n<\/div><\/div><\/div><\/div><\/div><\/div><\/div><\/div><\/div><\/div><\/div><\/div><\/section><section class=\"l-section wpb_row height_medium\" id=\"fotos\"><div class=\"l-section-h i-cf\"><div class=\"g-cols vc_row via_flex valign_top type_default stacking_default\"><div class=\"vc_col-sm-12 wpb_column vc_column_container\"><div class=\"vc_column-inner\"><div class=\"wpb_wrapper\"><div class=\"g-cols wpb_row us_custom_4c916951 has_text_color via_flex valign_middle type_default stacking_default\"><div class=\"vc_col-sm-12 wpb_column vc_column_container\"><div class=\"vc_column-inner\"><div class=\"wpb_wrapper\"><div class=\"wpb_text_column\"><div class=\"wpb_wrapper\"><h2 style=\"text-align: center;\">Fotos<\/h2>\n<\/div><\/div><\/div><\/div><\/div><\/div><div class=\"w-separator size_medium\"><\/div><div class=\"g-cols wpb_row via_flex valign_top type_default stacking_default\"><div class=\"vc_col-sm-2 wpb_column vc_column_container\"><div class=\"vc_column-inner\"><div class=\"wpb_wrapper\"><\/div><\/div><\/div><div class=\"vc_col-sm-8 wpb_column vc_column_container\"><div class=\"vc_column-inner\"><div class=\"wpb_wrapper\"><div class=\"w-grid us_grid type_grid layout_gallery_default cols_4 preload_style_spinner ratio_1x1\" id=\"us_grid_2\" style=\"--columns:4;--gap:0.8rem;--item-ratio:1;\" data-filterable=\"true\"><style>@media (max-width:1024px){#us_grid_2{--columns:3!important}}@media (max-width:600px){#us_grid_2{--columns:1!important}}<\/style><div class=\"w-grid-list\">\t<article class=\"w-grid-item size_1x1 post-572 attachment type-attachment status-inherit hentry\" data-id=\"572\">\r\n\t\t<div class=\"w-grid-item-h\">\r\n\t\t\t\t\t\t\t<a ref=\"magnificPopupGrid\" href=\"https:\/\/kumkumevents.cat\/wp-content\/uploads\/2020\/06\/locals_jukebox_02.jpg\" class=\"w-grid-item-anchor\" aria-label=\"locals_jukebox_02\"><\/a>\r\n\t\t\t\t\t\t<div class=\"w-post-elm post_image usg_post_image_1 stretched\"><img loading=\"lazy\" decoding=\"async\" width=\"150\" height=\"150\" src=\"https:\/\/kumkumevents.cat\/wp-content\/uploads\/2020\/06\/locals_jukebox_02-150x150.jpg\" class=\"attachment-thumbnail size-thumbnail\" alt=\"\" srcset=\"https:\/\/kumkumevents.cat\/wp-content\/uploads\/2020\/06\/locals_jukebox_02-150x150.jpg 150w, https:\/\/kumkumevents.cat\/wp-content\/uploads\/2020\/06\/locals_jukebox_02-235x235.jpg 235w, https:\/\/kumkumevents.cat\/wp-content\/uploads\/2020\/06\/locals_jukebox_02-200x200.jpg 200w\" sizes=\"auto, (max-width: 150px) 100vw, 150px\" \/><\/div>\t\t<\/div>\r\n\t\t\t<\/article>\r\n\t<article class=\"w-grid-item size_1x1 post-573 attachment type-attachment status-inherit hentry\" data-id=\"573\">\r\n\t\t<div class=\"w-grid-item-h\">\r\n\t\t\t\t\t\t\t<a ref=\"magnificPopupGrid\" href=\"https:\/\/kumkumevents.cat\/wp-content\/uploads\/2020\/06\/F1b-e1454674876302.jpg\" class=\"w-grid-item-anchor\" aria-label=\"F1b-e1454674876302\"><\/a>\r\n\t\t\t\t\t\t<div class=\"w-post-elm post_image usg_post_image_1 stretched\"><img loading=\"lazy\" decoding=\"async\" width=\"150\" height=\"150\" src=\"https:\/\/kumkumevents.cat\/wp-content\/uploads\/2020\/06\/F1b-e1454674876302-150x150.jpg\" class=\"attachment-thumbnail size-thumbnail\" alt=\"\" srcset=\"https:\/\/kumkumevents.cat\/wp-content\/uploads\/2020\/06\/F1b-e1454674876302-150x150.jpg 150w, https:\/\/kumkumevents.cat\/wp-content\/uploads\/2020\/06\/F1b-e1454674876302-200x200.jpg 200w\" sizes=\"auto, (max-width: 150px) 100vw, 150px\" \/><\/div>\t\t<\/div>\r\n\t\t\t<\/article>\r\n\t<article class=\"w-grid-item size_1x1 post-575 attachment type-attachment status-inherit hentry\" data-id=\"575\">\r\n\t\t<div class=\"w-grid-item-h\">\r\n\t\t\t\t\t\t\t<a ref=\"magnificPopupGrid\" href=\"https:\/\/kumkumevents.cat\/wp-content\/uploads\/2020\/06\/F1a.jpg\" class=\"w-grid-item-anchor\" aria-label=\"F1a\"><\/a>\r\n\t\t\t\t\t\t<div class=\"w-post-elm post_image usg_post_image_1 stretched\"><img loading=\"lazy\" decoding=\"async\" width=\"150\" height=\"150\" src=\"https:\/\/kumkumevents.cat\/wp-content\/uploads\/2020\/06\/F1a-150x150.jpg\" class=\"attachment-thumbnail size-thumbnail\" alt=\"\" srcset=\"https:\/\/kumkumevents.cat\/wp-content\/uploads\/2020\/06\/F1a-150x150.jpg 150w, https:\/\/kumkumevents.cat\/wp-content\/uploads\/2020\/06\/F1a-300x300.jpg 300w, https:\/\/kumkumevents.cat\/wp-content\/uploads\/2020\/06\/F1a-235x235.jpg 235w, https:\/\/kumkumevents.cat\/wp-content\/uploads\/2020\/06\/F1a-200x200.jpg 200w\" sizes=\"auto, (max-width: 150px) 100vw, 150px\" \/><\/div>\t\t<\/div>\r\n\t\t\t<\/article>\r\n\t<article class=\"w-grid-item size_1x1 post-625 attachment type-attachment status-inherit hentry\" data-id=\"625\">\r\n\t\t<div class=\"w-grid-item-h\">\r\n\t\t\t\t\t\t\t<a ref=\"magnificPopupGrid\" href=\"https:\/\/kumkumevents.cat\/wp-content\/uploads\/2020\/07\/IMG_4437.jpg\" class=\"w-grid-item-anchor\" aria-label=\"IMG_4437\"><\/a>\r\n\t\t\t\t\t\t<div class=\"w-post-elm post_image usg_post_image_1 stretched\"><img loading=\"lazy\" decoding=\"async\" width=\"150\" height=\"150\" src=\"https:\/\/kumkumevents.cat\/wp-content\/uploads\/2020\/07\/IMG_4437-150x150.jpg\" class=\"attachment-thumbnail size-thumbnail\" alt=\"\" srcset=\"https:\/\/kumkumevents.cat\/wp-content\/uploads\/2020\/07\/IMG_4437-150x150.jpg 150w, https:\/\/kumkumevents.cat\/wp-content\/uploads\/2020\/07\/IMG_4437-300x300.jpg 300w, https:\/\/kumkumevents.cat\/wp-content\/uploads\/2020\/07\/IMG_4437-600x600.jpg 600w, https:\/\/kumkumevents.cat\/wp-content\/uploads\/2020\/07\/IMG_4437-200x200.jpg 200w\" sizes=\"auto, (max-width: 150px) 100vw, 150px\" \/><\/div>\t\t<\/div>\r\n\t\t\t<\/article>\r\n<\/div>\t<div class=\"w-grid-preloader\">\r\n\t\t<div class=\"g-preloader type_1\">\r\n\t\t\t<div><\/div>\r\n\t\t<\/div>\r\n\t<\/div>\r\n\t\t<div class=\"w-grid-json hidden\" onclick='return {&quot;action&quot;:&quot;us_ajax_grid&quot;,&quot;infinite_scroll&quot;:0,&quot;max_num_pages&quot;:1,&quot;pagination&quot;:&quot;none&quot;,&quot;template_vars&quot;:{&quot;columns&quot;:&quot;4&quot;,&quot;exclude_items&quot;:&quot;none&quot;,&quot;img_size&quot;:&quot;thumbnail&quot;,&quot;ignore_items_size&quot;:0,&quot;items_layout&quot;:&quot;gallery_default&quot;,&quot;items_offset&quot;:&quot;1&quot;,&quot;load_animation&quot;:&quot;none&quot;,&quot;overriding_link&quot;:&quot;%7B%22type%22%3A%22popup_image%22%7D&quot;,&quot;post_id&quot;:0,&quot;query_args&quot;:{&quot;post_type&quot;:[&quot;attachment&quot;],&quot;post__in&quot;:[&quot;572&quot;,&quot;573&quot;,&quot;575&quot;,&quot;625&quot;],&quot;post_status&quot;:&quot;inherit&quot;,&quot;post_mime_type&quot;:&quot;image&quot;,&quot;posts_per_page&quot;:&quot;4&quot;},&quot;orderby_query_args&quot;:{&quot;orderby&quot;:{&quot;post__in&quot;:&quot;ASC&quot;},&quot;order&quot;:&quot;ASC&quot;},&quot;type&quot;:&quot;grid&quot;,&quot;us_grid_post_type&quot;:&quot;attachment&quot;,&quot;us_grid_ajax_index&quot;:2,&quot;us_grid_filter_query_string&quot;:null,&quot;us_grid_index&quot;:2,&quot;page_args&quot;:[]}}'><\/div>\r\n\t<\/div><\/div><\/div><\/div><div class=\"vc_col-sm-2 wpb_column vc_column_container\"><div class=\"vc_column-inner\"><div class=\"wpb_wrapper\"><\/div><\/div><\/div><\/div><\/div><\/div><\/div><\/div><\/div><\/section><section class=\"l-section wpb_row height_medium\" id=\"localizacion\"><div class=\"l-section-overlay\" style=\"background:#f2f4f5\"><\/div><div class=\"l-section-h i-cf\"><div class=\"g-cols vc_row via_flex valign_top type_default stacking_default\"><div class=\"vc_col-sm-12 wpb_column vc_column_container\"><div class=\"vc_column-inner\"><div class=\"wpb_wrapper\"><div class=\"g-cols wpb_row us_custom_3fae935a has_text_color via_flex valign_middle type_default stacking_default\"><div class=\"vc_col-sm-12 wpb_column vc_column_container\"><div class=\"vc_column-inner\"><div class=\"wpb_wrapper\"><div class=\"wpb_text_column\"><div class=\"wpb_wrapper\"><h2 style=\"text-align: center;\">Localitzaci\u00f3<\/h2>\n<\/div><\/div><\/div><\/div><\/div><\/div><div class=\"w-separator size_medium\"><\/div><div class=\"wpb_text_column\"><div class=\"wpb_wrapper\"><p style=\"text-align: center;\"><strong>Carrer Ignasi Iglesias, 13 \u2013 Nau 2<br \/>\n08940 Cornell\u00e0 de Llobregat (BARCELONA)<\/strong><\/p>\n<p style=\"text-align: center;\">A 5 minuts del Metro L5 Cornell\u00e0 Centre, Rodalies RENFE Cornell\u00e0 Centre i a 2 minuts del TRAM T1 i T2 Ignasi Iglesias<\/p>\n<\/div><\/div><div class=\"w-separator size_medium\"><\/div>[vc_raw_html]JTNDaWZyYW1lJTIwc3JjJTNEJTIyaHR0cHMlM0ElMkYlMkZ3d3cuZ29vZ2xlLmNvbSUyRm1hcHMlMkZlbWJlZCUzRnBiJTNEJTIxMW0xNCUyMTFtOCUyMTFtMyUyMTFkMTE5NzguMTAwOTQxNjM3NDA1JTIxMmQyLjA3MDQ5JTIxM2Q0MS4zNjI2NzIlMjEzbTIlMjExaTEwMjQlMjEyaTc2OCUyMTRmMTMuMSUyMTNtMyUyMTFtMiUyMTFzMHgwJTI1M0EweDkwODliNmM5MDY1MzYyMDUlMjEyc0xvY2FscyUyQkp1a2VCb3glMjE1ZTAlMjEzbTIlMjExc2NhJTIxMnNlcyUyMTR2MTU2MjkyNzk2MjEwNSUyMTVtMiUyMTFzY2ElMjEyc2VzJTIyJTIwd2lkdGglM0QlMjIxMDAlMjUlMjIlMjBoZWlnaHQlM0QlMjI1MDAlMjIlMjBmcmFtZWJvcmRlciUzRCUyMjAlMjIlMjBzdHlsZSUzRCUyMmJvcmRlciUzQTAlMjIlMjBhbGxvd2Z1bGxzY3JlZW4lM0UlM0MlMkZpZnJhbWUlM0U=[\/vc_raw_html]<\/div><\/div><\/div><\/div><\/div><\/section>","protected":false},"excerpt":{"rendered":"","protected":false},"author":3,"featured_media":0,"parent":0,"menu_order":3,"comment_status":"closed","ping_status":"closed","template":"","meta":{"footnotes":""},"class_list":["post-555","page","type-page","status-publish","hentry"],"yoast_head":"<!-- This site is optimized with the Yoast SEO plugin v27.3 - https:\/\/yoast.com\/product\/yoast-seo-wordpress\/ -->\n<title>Locals d&#039;assaig | Kum Kum Events \u00b7 Producci\u00f3 d&#039;esdeveniments<\/title>\n<meta name=\"robots\" content=\"index, follow, max-snippet:-1, max-image-preview:large, max-video-preview:-1\" \/>\n<link rel=\"canonical\" href=\"https:\/\/kumkumevents.cat\/locals-jukebox-locales-de-ensayo\/\" \/>\n<meta property=\"og:locale\" content=\"ca_ES\" \/>\n<meta property=\"og:type\" content=\"article\" \/>\n<meta property=\"og:title\" content=\"Locals d&#039;assaig | Kum Kum Events \u00b7 Producci\u00f3 d&#039;esdeveniments\" \/>\n<meta property=\"og:url\" content=\"https:\/\/kumkumevents.cat\/locals-jukebox-locales-de-ensayo\/\" \/>\n<meta property=\"og:site_name\" content=\"Kum Kum Events \u00b7 Producci\u00f3 d&#039;esdeveniments\" \/>\n<meta property=\"article:modified_time\" content=\"2024-03-15T10:31:08+00:00\" \/>\n<meta property=\"og:image\" content=\"https:\/\/kumkumevents.cat\/wp-content\/uploads\/2020\/05\/logo_kumkumevents.jpg\" \/>\n\t<meta property=\"og:image:width\" content=\"1200\" \/>\n\t<meta property=\"og:image:height\" content=\"394\" \/>\n\t<meta property=\"og:image:type\" content=\"image\/jpeg\" \/>\n<meta name=\"twitter:card\" content=\"summary_large_image\" \/>\n<meta name=\"twitter:label1\" content=\"Temps estimat de lectura\" \/>\n\t<meta name=\"twitter:data1\" content=\"4 minuts\" \/>\n<script type=\"application\/ld+json\" class=\"yoast-schema-graph\">{\"@context\":\"https:\\\/\\\/schema.org\",\"@graph\":[{\"@type\":\"WebPage\",\"@id\":\"https:\\\/\\\/kumkumevents.cat\\\/locals-jukebox-locales-de-ensayo\\\/\",\"url\":\"https:\\\/\\\/kumkumevents.cat\\\/locals-jukebox-locales-de-ensayo\\\/\",\"name\":\"[:es]Locales de ensayo[:ca]Locals d'assaig[:] | Kum Kum Events \u00b7 Producci\u00f3 d&#039;esdeveniments\",\"isPartOf\":{\"@id\":\"https:\\\/\\\/kumkumevents.cat\\\/#website\"},\"datePublished\":\"2020-06-29T13:19:36+00:00\",\"dateModified\":\"2024-03-15T10:31:08+00:00\",\"breadcrumb\":{\"@id\":\"https:\\\/\\\/kumkumevents.cat\\\/locals-jukebox-locales-de-ensayo\\\/#breadcrumb\"},\"inLanguage\":\"ca\",\"potentialAction\":[{\"@type\":\"ReadAction\",\"target\":[\"https:\\\/\\\/kumkumevents.cat\\\/locals-jukebox-locales-de-ensayo\\\/\"]}]},{\"@type\":\"BreadcrumbList\",\"@id\":\"https:\\\/\\\/kumkumevents.cat\\\/locals-jukebox-locales-de-ensayo\\\/#breadcrumb\",\"itemListElement\":[{\"@type\":\"ListItem\",\"position\":1,\"name\":\"Portada\",\"item\":\"https:\\\/\\\/kumkumevents.cat\\\/\"},{\"@type\":\"ListItem\",\"position\":2,\"name\":\"Locales de ensayo\"}]},{\"@type\":\"WebSite\",\"@id\":\"https:\\\/\\\/kumkumevents.cat\\\/#website\",\"url\":\"https:\\\/\\\/kumkumevents.cat\\\/\",\"name\":\"Kum Kum Events\",\"description\":\"Producci\u00f3n de eventos\",\"publisher\":{\"@id\":\"https:\\\/\\\/kumkumevents.cat\\\/#organization\"},\"alternateName\":\"Kum Kum Events\",\"potentialAction\":[{\"@type\":\"SearchAction\",\"target\":{\"@type\":\"EntryPoint\",\"urlTemplate\":\"https:\\\/\\\/kumkumevents.cat\\\/?s={search_term_string}\"},\"query-input\":{\"@type\":\"PropertyValueSpecification\",\"valueRequired\":true,\"valueName\":\"search_term_string\"}}],\"inLanguage\":\"ca\"},{\"@type\":\"Organization\",\"@id\":\"https:\\\/\\\/kumkumevents.cat\\\/#organization\",\"name\":\"Kum Kum Events\",\"alternateName\":\"Kum Kum Events\",\"url\":\"https:\\\/\\\/kumkumevents.cat\\\/\",\"logo\":{\"@type\":\"ImageObject\",\"inLanguage\":\"ca\",\"@id\":\"https:\\\/\\\/kumkumevents.cat\\\/#\\\/schema\\\/logo\\\/image\\\/\",\"url\":\"https:\\\/\\\/kumkumevents.cat\\\/wp-content\\\/uploads\\\/2020\\\/05\\\/Logo_KumKumEvents_favicon.jpg\",\"contentUrl\":\"https:\\\/\\\/kumkumevents.cat\\\/wp-content\\\/uploads\\\/2020\\\/05\\\/Logo_KumKumEvents_favicon.jpg\",\"width\":512,\"height\":512,\"caption\":\"Kum Kum Events\"},\"image\":{\"@id\":\"https:\\\/\\\/kumkumevents.cat\\\/#\\\/schema\\\/logo\\\/image\\\/\"}}]}<\/script>\n<!-- \/ Yoast SEO plugin. -->","yoast_head_json":{"title":"Locals d'assaig | Kum Kum Events \u00b7 Producci\u00f3 d&#039;esdeveniments","robots":{"index":"index","follow":"follow","max-snippet":"max-snippet:-1","max-image-preview":"max-image-preview:large","max-video-preview":"max-video-preview:-1"},"canonical":"https:\/\/kumkumevents.cat\/locals-jukebox-locales-de-ensayo\/","og_locale":"ca_ES","og_type":"article","og_title":"Locals d'assaig | Kum Kum Events \u00b7 Producci\u00f3 d&#039;esdeveniments","og_url":"https:\/\/kumkumevents.cat\/locals-jukebox-locales-de-ensayo\/","og_site_name":"Kum Kum Events \u00b7 Producci\u00f3 d&#039;esdeveniments","article_modified_time":"2024-03-15T10:31:08+00:00","og_image":[{"width":1200,"height":394,"url":"https:\/\/kumkumevents.cat\/wp-content\/uploads\/2020\/05\/logo_kumkumevents.jpg","type":"image\/jpeg"}],"twitter_card":"summary_large_image","twitter_misc":{"Temps estimat de lectura":"4 minuts"},"schema":{"@context":"https:\/\/schema.org","@graph":[{"@type":"WebPage","@id":"https:\/\/kumkumevents.cat\/locals-jukebox-locales-de-ensayo\/","url":"https:\/\/kumkumevents.cat\/locals-jukebox-locales-de-ensayo\/","name":"[:es]Locales de ensayo[:ca]Locals d'assaig[:] | Kum Kum Events \u00b7 Producci\u00f3 d&#039;esdeveniments","isPartOf":{"@id":"https:\/\/kumkumevents.cat\/#website"},"datePublished":"2020-06-29T13:19:36+00:00","dateModified":"2024-03-15T10:31:08+00:00","breadcrumb":{"@id":"https:\/\/kumkumevents.cat\/locals-jukebox-locales-de-ensayo\/#breadcrumb"},"inLanguage":"ca","potentialAction":[{"@type":"ReadAction","target":["https:\/\/kumkumevents.cat\/locals-jukebox-locales-de-ensayo\/"]}]},{"@type":"BreadcrumbList","@id":"https:\/\/kumkumevents.cat\/locals-jukebox-locales-de-ensayo\/#breadcrumb","itemListElement":[{"@type":"ListItem","position":1,"name":"Portada","item":"https:\/\/kumkumevents.cat\/"},{"@type":"ListItem","position":2,"name":"Locales de ensayo"}]},{"@type":"WebSite","@id":"https:\/\/kumkumevents.cat\/#website","url":"https:\/\/kumkumevents.cat\/","name":"Kum Kum Events","description":"Producci\u00f3n de eventos","publisher":{"@id":"https:\/\/kumkumevents.cat\/#organization"},"alternateName":"Kum Kum Events","potentialAction":[{"@type":"SearchAction","target":{"@type":"EntryPoint","urlTemplate":"https:\/\/kumkumevents.cat\/?s={search_term_string}"},"query-input":{"@type":"PropertyValueSpecification","valueRequired":true,"valueName":"search_term_string"}}],"inLanguage":"ca"},{"@type":"Organization","@id":"https:\/\/kumkumevents.cat\/#organization","name":"Kum Kum Events","alternateName":"Kum Kum Events","url":"https:\/\/kumkumevents.cat\/","logo":{"@type":"ImageObject","inLanguage":"ca","@id":"https:\/\/kumkumevents.cat\/#\/schema\/logo\/image\/","url":"https:\/\/kumkumevents.cat\/wp-content\/uploads\/2020\/05\/Logo_KumKumEvents_favicon.jpg","contentUrl":"https:\/\/kumkumevents.cat\/wp-content\/uploads\/2020\/05\/Logo_KumKumEvents_favicon.jpg","width":512,"height":512,"caption":"Kum Kum Events"},"image":{"@id":"https:\/\/kumkumevents.cat\/#\/schema\/logo\/image\/"}}]}},"_links":{"self":[{"href":"https:\/\/kumkumevents.cat\/ca\/wp-json\/wp\/v2\/pages\/555","targetHints":{"allow":["GET"]}}],"collection":[{"href":"https:\/\/kumkumevents.cat\/ca\/wp-json\/wp\/v2\/pages"}],"about":[{"href":"https:\/\/kumkumevents.cat\/ca\/wp-json\/wp\/v2\/types\/page"}],"author":[{"embeddable":true,"href":"https:\/\/kumkumevents.cat\/ca\/wp-json\/wp\/v2\/users\/3"}],"replies":[{"embeddable":true,"href":"https:\/\/kumkumevents.cat\/ca\/wp-json\/wp\/v2\/comments?post=555"}],"version-history":[{"count":28,"href":"https:\/\/kumkumevents.cat\/ca\/wp-json\/wp\/v2\/pages\/555\/revisions"}],"predecessor-version":[{"id":768,"href":"https:\/\/kumkumevents.cat\/ca\/wp-json\/wp\/v2\/pages\/555\/revisions\/768"}],"wp:attachment":[{"href":"https:\/\/kumkumevents.cat\/ca\/wp-json\/wp\/v2\/media?parent=555"}],"curies":[{"name":"wp","href":"https:\/\/api.w.org\/{rel}","templated":true}]}}